{"id":1085,"date":"2023-10-15T15:47:56","date_gmt":"2023-10-15T13:47:56","guid":{"rendered":"https:\/\/lescuirsdebelfeuil.com\/?page_id=1085"},"modified":"2023-10-15T15:47:56","modified_gmt":"2023-10-15T13:47:56","slug":"plan-du-site","status":"publish","type":"page","link":"https:\/\/lescuirsdebelfeuil.com\/en\/plan-du-site\/","title":{"rendered":"Site map"},"content":{"rendered":"<p>[et_pb_section fb_built=\u00a0\u00bb1&Prime; theme_builder_area=\u00a0\u00bbpost_content\u00a0\u00bb _builder_version=\u00a0\u00bb4.22.2&Prime; _module_preset=\u00a0\u00bbdefault\u00a0\u00bb custom_padding=\u00a0\u00bb0px||0px||true|false\u00a0\u00bb hover_enabled=\u00a0\u00bb0&Prime; sticky_enabled=\u00a0\u00bb0&Prime;][et_pb_row _builder_version=\u00a0\u00bb4.22.2&Prime; _module_preset=\u00a0\u00bbdefault\u00a0\u00bb theme_builder_area=\u00a0\u00bbpost_content\u00a0\u00bb width=\u00a0\u00bb100%\u00a0\u00bb max_width=\u00a0\u00bb2560px\u00a0\u00bb hover_enabled=\u00a0\u00bb0&Prime; sticky_enabled=\u00a0\u00bb0&Prime; alt=\u00a0\u00bbStock de bobines de fils pour cuir\u00a0\u00bb title_text=\u00a0\u00bbmon-stock-de-fil\u00a0\u00bb background_image=\u00a0\u00bbhttps:\/\/lescuirsdebelfeuil.com\/wp-content\/uploads\/2023\/10\/galerie-image-menu-5.jpg\u00a0\u00bb use_background_color_gradient=\u00a0\u00bbon\u00a0\u00bb background_color_gradient_stops=\u00a0\u00bbrgba(143,90,40,0.9) 0%|rgba(143,90,40,0.5) 98%\u00a0\u00bb background_color_gradient_direction=\u00a0\u00bb90deg\u00a0\u00bb background_color_gradient_overlays_image=\u00a0\u00bbon\u00a0\u00bb custom_padding=\u00a0\u00bb120px||120px|190px|true|false\u00a0\u00bb custom_padding_last_edited=\u00a0\u00bbon|phone\u00a0\u00bb custom_padding_phone=\u00a0\u00bb|||70px|true|false\u00a0\u00bb custom_padding_tablet=\u00a0\u00bb120px||120px|190px|true|false\u00a0\u00bb][et_pb_column _builder_version=\u00a0\u00bb4.22.2&Prime; _module_preset=\u00a0\u00bbdefault\u00a0\u00bb type=\u00a0\u00bb4_4&Prime; theme_builder_area=\u00a0\u00bbpost_content\u00a0\u00bb][et_pb_text _builder_version=\u00a0\u00bb4.22.2&Prime; _module_preset=\u00a0\u00bbdefault\u00a0\u00bb theme_builder_area=\u00a0\u00bbpost_content\u00a0\u00bb hover_enabled=\u00a0\u00bb0&Prime; sticky_enabled=\u00a0\u00bb0&Prime; header_text_color=\u00a0\u00bb#FFFFFF\u00a0\u00bb header_font_size=\u00a0\u00bb100px\u00a0\u00bb header_font_size_last_edited=\u00a0\u00bbon|phone\u00a0\u00bb header_font_size_phone=\u00a0\u00bb70px\u00a0\u00bb header_font_size_tablet=\u00a0\u00bb100px\u00a0\u00bb]<\/p>\n<h1>Site map<\/h1>\n<p>[\/et_pb_text][\/et_pb_column][\/et_pb_row][et_pb_row _builder_version=\u00a0\u00bb4.22.2&Prime; _module_preset=\u00a0\u00bbdefault\u00a0\u00bb theme_builder_area=\u00a0\u00bbpost_content\u00a0\u00bb][et_pb_column _builder_version=\u00a0\u00bb4.22.2&Prime; _module_preset=\u00a0\u00bbdefault\u00a0\u00bb type=\u00a0\u00bb4_4&Prime; theme_builder_area=\u00a0\u00bbpost_content\u00a0\u00bb][et_pb_text _builder_version=\u00a0\u00bb4.22.2&Prime; _module_preset=\u00a0\u00bbdefault\u00a0\u00bb theme_builder_area=\u00a0\u00bbpost_content\u00a0\u00bb hover_enabled=\u00a0\u00bb0&Prime; sticky_enabled=\u00a0\u00bb0&Prime; width=\u00a0\u00bb70%\u00a0\u00bb text_font_size=\u00a0\u00bb16px\u00a0\u00bb text_line_height=\u00a0\u00bb2.3em\u00a0\u00bb]<\/p>\n<ul>\n<li><a href=\"https:\/\/lescuirsdebelfeuil.com\/en\/\">Home<\/a><\/li>\n<li><a href=\"https:\/\/lescuirsdebelfeuil.com\/en\/mes-realisations\/\">My achievements<\/a>\n<ul>\n<li><a href=\"https:\/\/lescuirsdebelfeuil.com\/en\/sacs-sacs-a-dos\/\">Bags &amp; backpacks<\/a><\/li>\n<li><a href=\"https:\/\/lescuirsdebelfeuil.com\/en\/armures\/\">Armour<\/a><\/li>\n<li><a href=\"https:\/\/lescuirsdebelfeuil.com\/en\/escarcelles-bourses\/\">Cups &amp; purses<\/a><\/li>\n<li><a href=\"https:\/\/lescuirsdebelfeuil.com\/en\/bracelets\/\">Bracelets<\/a><\/li>\n<li><a href=\"https:\/\/lescuirsdebelfeuil.com\/en\/grimoires\/\">Grimoires<\/a><\/li>\n<li><a href=\"https:\/\/lescuirsdebelfeuil.com\/en\/creations-diverses\/\">Various creations<\/a><\/li>\n<li><a href=\"https:\/\/lescuirsdebelfeuil.com\/en\/ecrans-de-jeux-de-roles\/\">Role-playing screens<\/a><\/li>\n<li><a href=\"https:\/\/lescuirsdebelfeuil.com\/en\/cartes\/\">Cards<\/a><\/li>\n<li><a href=\"https:\/\/lescuirsdebelfeuil.com\/en\/tableaux\/\">Tables<\/a><\/li>\n<\/ul>\n<\/li>\n<li><a href=\"https:\/\/lescuirsdebelfeuil.com\/en\/commandes-personnalisees\/\">Customised orders<\/a><\/li>\n<li><a href=\"https:\/\/lescuirsdebelfeuil.com\/en\/stages\/\">Courses<\/a>\n<ul>\n<li><a href=\"https:\/\/lescuirsdebelfeuil.com\/en\/reservation-de-stages\/\">Booking courses<\/a><\/li>\n<\/ul>\n<\/li>\n<li><a href=\"https:\/\/lescuirsdebelfeuil.com\/en\/blog\/\">Blog<\/a><\/li>\n<li><a href=\"https:\/\/lescuirsdebelfeuil.com\/en\/boutique\/\">Shop<\/a><\/li>\n<li><a href=\"https:\/\/lescuirsdebelfeuil.com\/en\/retrouvez-moi\/\">Events<\/a><\/li>\n<li><a href=\"https:\/\/lescuirsdebelfeuil.com\/en\/a-propos\/\">About me<\/a><\/li>\n<\/ul>\n<p>[\/et_pb_text][\/et_pb_column][\/et_pb_row][\/et_pb_section]<\/p>","protected":false},"excerpt":{"rendered":"<p>Plan du site Accueil Mes R\u00e9alisations Sacs &amp; sacs \u00e0 dos Armures Escarcelles &amp; bourses Bracelets Grimoires Cr\u00e9ations diverses Ecrans de jeux de r\u00f4les Cartes Tableaux Commandes personnalis\u00e9es Stages R\u00e9servation de stages Blog Boutique Ev\u00e8nements A propos<\/p>","protected":false},"author":1,"featured_media":0,"parent":0,"menu_order":0,"comment_status":"closed","ping_status":"closed","template":"","meta":{"_et_pb_use_builder":"on","_et_pb_old_content":"","_et_gb_content_width":"","footnotes":""},"class_list":["post-1085","page","type-page","status-publish","hentry"],"_links":{"self":[{"href":"https:\/\/lescuirsdebelfeuil.com\/en\/wp-json\/wp\/v2\/pages\/1085","targetHints":{"allow":["GET"]}}],"collection":[{"href":"https:\/\/lescuirsdebelfeuil.com\/en\/wp-json\/wp\/v2\/pages"}],"about":[{"href":"https:\/\/lescuirsdebelfeuil.com\/en\/wp-json\/wp\/v2\/types\/page"}],"author":[{"embeddable":true,"href":"https:\/\/lescuirsdebelfeuil.com\/en\/wp-json\/wp\/v2\/users\/1"}],"replies":[{"embeddable":true,"href":"https:\/\/lescuirsdebelfeuil.com\/en\/wp-json\/wp\/v2\/comments?post=1085"}],"version-history":[{"count":2,"href":"https:\/\/lescuirsdebelfeuil.com\/en\/wp-json\/wp\/v2\/pages\/1085\/revisions"}],"predecessor-version":[{"id":1103,"href":"https:\/\/lescuirsdebelfeuil.com\/en\/wp-json\/wp\/v2\/pages\/1085\/revisions\/1103"}],"wp:attachment":[{"href":"https:\/\/lescuirsdebelfeuil.com\/en\/wp-json\/wp\/v2\/media?parent=1085"}],"curies":[{"name":"wp","href":"https:\/\/api.w.org\/{rel}","templated":true}]}}